{"id":1486,"date":"2023-04-28T15:02:33","date_gmt":"2023-04-28T19:02:33","guid":{"rendered":"https:\/\/iacodvzla.com\/?page_id=1486"},"modified":"2023-04-30T10:45:54","modified_gmt":"2023-04-30T14:45:54","slug":"dark","status":"publish","type":"page","link":"https:\/\/iacodvzla.com\/index.php\/dark\/","title":{"rendered":"Dark"},"content":{"rendered":"\n<h2 class=\"has-text-align-center titulo-productos-dark\">Dark<\/h2>\n\n\n\n<h2 class=\"has-text-align-center\" style=\"font-size:4em;text-transform:uppercase\">\u25cf&nbsp;Pisos de vynil Dark<\/h2>\n\n\n\n<div class=\"wp-block-columns\">\n<div class=\"wp-block-column\" style=\"flex-basis:5%\"><\/div>\n\n\n\n<div class=\"wp-block-column\" style=\"flex-basis:50%\">\n<figure class=\"zoom-1 wp-block-image size-full\"><img  class=\"zoom-2\" src=\"https:\/\/iacodvzla.com\/wp-content\/uploads\/2023\/04\/SAVE_20230428_141813.jpg\" alt=\"\" class=\"wp-image-1258\"\/><\/figure>\n\n\n\n<figure class=\"zoom-1  wp-block-image size-large\"><img class=\"zoom-2\"  src=\"https:\/\/iacodvzla.com\/wp-content\/uploads\/2023\/04\/SAVE_20230428_141948.jpg\" alt=\"\" class=\"wp-image-1281\"\/><\/figure>\n<\/div>\n\n\n\n<div class=\"wp-block-column\" style=\"flex-basis:30%\">\n<h2 style=\"font-size:3em;    line-height: 55px;\"><span class=\"mark \">Los interiores oscuros est\u00e1n muy de moda en este momento.<\/span><\/h2>\n\n\n\n<p class=\"has-small-font-size\">\u25cf <strong>Un piso de dise\u00f1o oscuro en su hogar quiz\u00e1s no sea la opci\u00f3n m\u00e1s obvia, pero definitivamente es una soluci\u00f3n sorprendentemente inteligente para crear una sensaci\u00f3n de intimidad en el interior.<\/strong><\/p>\n\n\n\n<p class=\"has-small-font-size\">\u25cf <strong>Ahora bien, \u00bfun suelo oscuro hace que una habitaci\u00f3n parezca m\u00e1s peque\u00f1a? No necesariamente. En realidad, es una manera hermosa de alegrar un interior. El truco consiste en encontrar el equilibrio adecuado entre los elementos oscuros y claros. <\/strong><\/p>\n\n\n\n<p class=\"has-small-font-size\">\u25cf <strong>Deja que un suelo oscuro contraste con colores vivos en tus muebles, paredes y techo. Y repite un acento m\u00e1s oscuro aqu\u00ed y all\u00e1.<\/strong><\/p>\n\n\n\n<figure class=\"zoom-1 wp-block-image size-large\"><img  class=\"zoom-2\" src=\"https:\/\/iacodvzla.com\/wp-content\/uploads\/2023\/04\/SAVE_20230428_141436.jpg\" alt=\"\" class=\"wp-image-1234\"\/><\/figure>\n<\/div>\n\n\n\n<div class=\"wp-block-column\" style=\"flex-basis:5%\"><\/div>\n<\/div>\n\n\n\n<div class=\"wp-block-columns\">\n<div class=\"wp-block-column\">\n<figure class=\"zoom-1 wp-block-image size-large\"><img class=\"zoom-2\" src=\"https:\/\/iacodvzla.com\/wp-content\/uploads\/2023\/04\/Dark-iacod-3.jpg\" alt=\"\"><\/figure>\n<\/div>\n\n\n\n<div class=\"wp-block-column\">\n<figure class=\"zoom-1 wp-block-image size-large\"><img class=\"zoom-2\" src=\"https:\/\/iacodvzla.com\/wp-content\/uploads\/2023\/04\/Dark-iacod-2.jpg\" alt=\"\"><\/figure>\n<\/div>\n\n\n\n<div class=\"wp-block-column\">\n<figure class=\"zoom-1 wp-block-image size-large\"><img class=\"zoom-2\" src=\"https:\/\/iacodvzla.com\/wp-content\/uploads\/2023\/04\/Dark-iacod-1.jpg\" alt=\"\"><\/figure>\n<\/div>\n<\/div>\n\n\n\n<div class=\"wp-block-columns marcas-tienda\">\n<div class=\"wp-block-column\">\n<figure class=\"wp-block-image size-full\"><img loading=\"lazy\" width=\"824\" height=\"302\" src=\"https:\/\/iacodvzla.com\/wp-content\/uploads\/2023\/04\/balta-carpets.png\" alt=\"\" class=\"wp-image-1698\" srcset=\"https:\/\/iacodvzla.com\/wp-content\/uploads\/2023\/04\/balta-carpets.png 824w, https:\/\/iacodvzla.com\/wp-content\/uploads\/2023\/04\/balta-carpets-300x110.png 300w, https:\/\/iacodvzla.com\/wp-content\/uploads\/2023\/04\/balta-carpets-768x281.png 768w, https:\/\/iacodvzla.com\/wp-content\/uploads\/2023\/04\/balta-carpets-495x181.png 495w\" sizes=\"(max-width: 824px) 100vw, 824px\" \/><\/figure>\n<\/div>\n\n\n\n<div class=\"wp-block-column\">\n<figure class=\"wp-block-image size-full\"><img loading=\"lazy\" width=\"824\" height=\"302\" src=\"https:\/\/iacodvzla.com\/wp-content\/uploads\/2023\/04\/marburg.png\" alt=\"\" class=\"wp-image-1699\" srcset=\"https:\/\/iacodvzla.com\/wp-content\/uploads\/2023\/04\/marburg.png 824w, https:\/\/iacodvzla.com\/wp-content\/uploads\/2023\/04\/marburg-300x110.png 300w, https:\/\/iacodvzla.com\/wp-content\/uploads\/2023\/04\/marburg-768x281.png 768w, https:\/\/iacodvzla.com\/wp-content\/uploads\/2023\/04\/marburg-495x181.png 495w\" sizes=\"(max-width: 824px) 100vw, 824px\" \/><\/figure>\n<\/div>\n\n\n\n<div class=\"wp-block-column\">\n<figure class=\"wp-block-image size-full\"><img loading=\"lazy\" width=\"824\" height=\"302\" src=\"https:\/\/iacodvzla.com\/wp-content\/uploads\/2023\/04\/moduleo.png\" alt=\"\" class=\"wp-image-1700\" srcset=\"https:\/\/iacodvzla.com\/wp-content\/uploads\/2023\/04\/moduleo.png 824w, https:\/\/iacodvzla.com\/wp-content\/uploads\/2023\/04\/moduleo-300x110.png 300w, https:\/\/iacodvzla.com\/wp-content\/uploads\/2023\/04\/moduleo-768x281.png 768w, https:\/\/iacodvzla.com\/wp-content\/uploads\/2023\/04\/moduleo-495x181.png 495w\" sizes=\"(max-width: 824px) 100vw, 824px\" \/><\/figure>\n<\/div>\n\n\n\n<div class=\"wp-block-column\">\n<figure class=\"wp-block-image size-full\"><img loading=\"lazy\" width=\"824\" height=\"302\" src=\"https:\/\/iacodvzla.com\/wp-content\/uploads\/2023\/04\/modulys.png\" alt=\"\" class=\"wp-image-1701\" srcset=\"https:\/\/iacodvzla.com\/wp-content\/uploads\/2023\/04\/modulys.png 824w, https:\/\/iacodvzla.com\/wp-content\/uploads\/2023\/04\/modulys-300x110.png 300w, https:\/\/iacodvzla.com\/wp-content\/uploads\/2023\/04\/modulys-768x281.png 768w, https:\/\/iacodvzla.com\/wp-content\/uploads\/2023\/04\/modulys-495x181.png 495w\" sizes=\"(max-width: 824px) 100vw, 824px\" \/><\/figure>\n<\/div>\n\n\n\n<div class=\"wp-block-column\">\n<figure class=\"wp-block-image size-full\"><img loading=\"lazy\" width=\"824\" height=\"302\" src=\"https:\/\/iacodvzla.com\/wp-content\/uploads\/2023\/04\/rash.png\" alt=\"\" class=\"wp-image-1702\" srcset=\"https:\/\/iacodvzla.com\/wp-content\/uploads\/2023\/04\/rash.png 824w, https:\/\/iacodvzla.com\/wp-content\/uploads\/2023\/04\/rash-300x110.png 300w, https:\/\/iacodvzla.com\/wp-content\/uploads\/2023\/04\/rash-768x281.png 768w, https:\/\/iacodvzla.com\/wp-content\/uploads\/2023\/04\/rash-495x181.png 495w\" sizes=\"(max-width: 824px) 100vw, 824px\" \/><\/figure>\n<\/div>\n<\/div>\n\n\n\n<div class=\"wp-block-columns fondo-formulario\">\n<div class=\"wp-block-column\" style=\"flex-basis:20%\"><\/div>\n\n\n\n<div class=\"wp-block-column\" style=\"flex-basis:60%\">  \n  \n  <div class=\"\n    mailpoet_form_popup_overlay\n      \"><\/div>\n  <div\n    id=\"mailpoet_form_4\"\n    class=\"\n      mailpoet_form\n      mailpoet_form_shortcode\n      mailpoet_form_position_\n      mailpoet_form_animation_\n    \"\n      >\n\n    <style type=\"text\/css\">\n     #mailpoet_form_4 .mailpoet_form {  }\n#mailpoet_form_4 form { margin-bottom: 0; }\n#mailpoet_form_4 .mailpoet_column_with_background { padding: 0px; }\n#mailpoet_form_4 .wp-block-column:first-child, #mailpoet_form_4 .mailpoet_form_column:first-child { padding: 0 20px; }\n#mailpoet_form_4 .mailpoet_form_column:not(:first-child) { margin-left: 0; }\n#mailpoet_form_4 h2.mailpoet-heading { margin: 0 0 12px 0; }\n#mailpoet_form_4 .mailpoet_paragraph { line-height: 20px; margin-bottom: 20px; }\n#mailpoet_form_4 .mailpoet_segment_label, #mailpoet_form_4 .mailpoet_text_label, #mailpoet_form_4 .mailpoet_textarea_label, #mailpoet_form_4 .mailpoet_select_label, #mailpoet_form_4 .mailpoet_radio_label, #mailpoet_form_4 .mailpoet_checkbox_label, #mailpoet_form_4 .mailpoet_list_label, #mailpoet_form_4 .mailpoet_date_label { display: block; font-weight: normal; }\n#mailpoet_form_4 .mailpoet_text, #mailpoet_form_4 .mailpoet_textarea, #mailpoet_form_4 .mailpoet_select, #mailpoet_form_4 .mailpoet_date_month, #mailpoet_form_4 .mailpoet_date_day, #mailpoet_form_4 .mailpoet_date_year, #mailpoet_form_4 .mailpoet_date { display: block; }\n#mailpoet_form_4 .mailpoet_text, #mailpoet_form_4 .mailpoet_textarea { width: 200px; }\n#mailpoet_form_4 .mailpoet_checkbox {  }\n#mailpoet_form_4 .mailpoet_submit {  }\n#mailpoet_form_4 .mailpoet_divider {  }\n#mailpoet_form_4 .mailpoet_message {  }\n#mailpoet_form_4 .mailpoet_form_loading { width: 30px; text-align: center; line-height: normal; }\n#mailpoet_form_4 .mailpoet_form_loading > span { width: 5px; height: 5px; background-color: #5b5b5b; }#mailpoet_form_4{border-radius: 3px;background: #1d2021;color: #ffffff;text-align: left;}#mailpoet_form_4 form.mailpoet_form {padding: 0px;}#mailpoet_form_4{width: 100%;}#mailpoet_form_4 .mailpoet_message {margin: 0; padding: 0 20px;}\n        #mailpoet_form_4 .mailpoet_validate_success {color: #00d084}\n        #mailpoet_form_4 input.parsley-success {color: #00d084}\n        #mailpoet_form_4 select.parsley-success {color: #00d084}\n        #mailpoet_form_4 textarea.parsley-success {color: #00d084}\n      \n        #mailpoet_form_4 .mailpoet_validate_error {color: #cf2e2e}\n        #mailpoet_form_4 input.parsley-error {color: #cf2e2e}\n        #mailpoet_form_4 select.parsley-error {color: #cf2e2e}\n        #mailpoet_form_4 textarea.textarea.parsley-error {color: #cf2e2e}\n        #mailpoet_form_4 .parsley-errors-list {color: #cf2e2e}\n        #mailpoet_form_4 .parsley-required {color: #cf2e2e}\n        #mailpoet_form_4 .parsley-custom-error-message {color: #cf2e2e}\n      #mailpoet_form_4 .mailpoet_paragraph.last {margin-bottom: 0} @media (max-width: 500px) {#mailpoet_form_4 {background: #1d2021;}} @media (min-width: 500px) {#mailpoet_form_4 .last .mailpoet_paragraph:last-child {margin-bottom: 0}}  @media (max-width: 500px) {#mailpoet_form_4 .mailpoet_form_column:last-child .mailpoet_paragraph:last-child {margin-bottom: 0}} \n    <\/style>\n\n    <form\n      target=\"_self\"\n      method=\"post\"\n      action=\"https:\/\/iacodvzla.com\/wp-admin\/admin-post.php?action=mailpoet_subscription_form\"\n      class=\"mailpoet_form mailpoet_form_form mailpoet_form_shortcode\"\n      novalidate\n      data-delay=\"\"\n      data-exit-intent-enabled=\"\"\n      data-font-family=\"\"\n      data-cookie-expiration-time=\"\"\n    >\n      <input type=\"hidden\" name=\"data[form_id]\" value=\"4\" \/>\n      <input type=\"hidden\" name=\"token\" value=\"ea9b65f99e\" \/>\n      <input type=\"hidden\" name=\"api_version\" value=\"v1\" \/>\n      <input type=\"hidden\" name=\"endpoint\" value=\"subscribers\" \/>\n      <input type=\"hidden\" name=\"mailpoet_method\" value=\"subscribe\" \/>\n\n      <label class=\"mailpoet_hp_email_label\" style=\"display: none !important;\">Por favor, deja este campo vac\u00edo<input type=\"email\" name=\"data[email]\"\/><\/label><div class=\"mailpoet_form_columns mailpoet_paragraph mailpoet_stack_on_mobile\" style=\"color:;background:;\"><div class=\"mailpoet_form_column\" style=\"flex-basis:55%;color:;;background-color:#1d2021;;background:;;\"><div class='mailpoet_spacer' style='height: 10px;'><\/div>\n<div class=\"mailpoet_form_image\"><figure class=\"size-full aligncenter\"><img src=\"https:\/\/iacodvzla.com\/wp-content\/uploads\/2023\/03\/cropped-LOGO-iacod-B.png\" alt class=\"wp-image-366\" srcset=\"\"><\/figure><\/div>\n<div class='mailpoet_spacer' style='height: 1px;'><\/div>\n<h2 class=\"mailpoet-heading  mailpoet-has-font-size\" style=\"text-align: center; color: #e0e0e0; font-size: 22px\"><span style=\"font-family: Fira Sans\" data-font=\"Fira Sans\" class=\"mailpoet-has-font\"><strong>NO PIERDAS UN INSTANTE<\/strong><\/span><\/h2>\n<p class=\"mailpoet_form_paragraph  mailpoet-has-font-size\" style=\"text-align: center; color: #e0e0e0; font-size: 17px\"><span style=\"font-family: Fira Sans\" data-font=\"Fira Sans\" class=\"mailpoet-has-font\">S\u00e9 el primer@ en saber cu\u00e1ndo lanzamos nuestras ofertas. <\/span><\/p>\n<div class=\"mailpoet_paragraph \"><style>input[name=\"data[form_field_YzVhNTRiOThhYzEwX2VtYWls]\"]::placeholder{color:#4c537e;opacity: 1;}<\/style><label for=\"form_email_4\" class=\"mailpoet-screen-reader-text\" style=\"font-size: 15px;line-height: 1.2;\"data-automation-id=\"form_email_label\" >Direcci\u00f3n de correo electr\u00f3nico <span class=\"mailpoet_required\">*<\/span><\/label><input type=\"email\" autocomplete=\"email\" class=\"mailpoet_text\" id=\"form_email_4\" name=\"data[form_field_YzVhNTRiOThhYzEwX2VtYWls]\" title=\"Direcci\u00f3n de correo electr\u00f3nico\" value=\"\" style=\"width:100%;box-sizing:border-box;background-color:#ffffff;border-style:solid;border-radius:2px !important;border-width:0px;border-color:#313131;padding:10px;margin: 0 auto 0 0;font-family:&#039;Fira Sans&#039;;font-size:15px;line-height:1.5;height:auto;color:#4c537e;\" data-automation-id=\"form_email\"  placeholder=\"Direcci\u00f3n de correo electr\u00f3nico *\" data-parsley-required=\"true\" data-parsley-minlength=\"6\" data-parsley-maxlength=\"150\" data-parsley-type-message=\"This value should be a valid email.\" data-parsley-errors-container=\".mailpoet_error_email_\" data-parsley-required-message=\"Este campo es obligatorio\"\/><\/div>\n<div class=\"mailpoet_paragraph \"><input type=\"submit\" class=\"mailpoet_submit\" value=\"\u00daNETE A LA LISTA\" data-automation-id=\"subscribe-submit-button\" data-font-family='Fira Sans' style=\"width:100%;box-sizing:border-box;background-color:#ab9094;border-style:solid;border-radius:2px !important;border-width:0px;border-color:#313131;padding:10px;margin: 0 auto 0 0;font-family:&#039;Fira Sans&#039;;font-size:15px;line-height:1.5;height:auto;color:#e0e0e0;font-weight:bold;\" \/><span class=\"mailpoet_form_loading\"><span class=\"mailpoet_bounce1\"><\/span><span class=\"mailpoet_bounce2\"><\/span><span class=\"mailpoet_bounce3\"><\/span><\/span><\/div>\n<p class=\"mailpoet_form_paragraph  mailpoet-has-font-size\" style=\"text-align: center; color: #e0e0e0; font-size: 13px\"><span style=\"font-family: Fira Sans\" data-font=\"Fira Sans\" class=\"mailpoet-has-font\">\u00a1No enviamos spam! Lee nuestra <a href=\"#\">pol\u00edtica de privacidad<\/a> para m\u00e1s informaci\u00f3n.<\/span><\/p>\n<\/div>\n<div class=\"mailpoet_form_column\" style=\"flex-basis:50%;color:;;background:;;\"><div class=\"mailpoet_form_image\"><figure class=\"size-full\"><img src=\"https:\/\/iacodvzla.com\/wp-content\/uploads\/2023\/04\/formulario-iacod-9.jpg\" alt class=\"wp-image-928\" srcset=\"https:\/\/iacodvzla.com\/wp-content\/uploads\/2023\/04\/formulario-iacod-9.jpg 682w, https:\/\/iacodvzla.com\/wp-content\/uploads\/2023\/04\/formulario-iacod-9-200x300.jpg 200w, https:\/\/iacodvzla.com\/wp-content\/uploads\/2023\/04\/formulario-iacod-9-495x743.jpg 495w\" width=354 height=531 style=\"width: 354px;height: 531px\"><\/figure><\/div>\n<\/div>\n<\/div>\n\n      <div class=\"mailpoet_message\">\n        <p class=\"mailpoet_validate_success\"\n                style=\"display:none;\"\n                >Revisa tu bandeja de entrada o la carpeta de spam para confirmar tu suscripci\u00f3n.\n        <\/p>\n        <p class=\"mailpoet_validate_error\"\n                style=\"display:none;\"\n                >        <\/p>\n      <\/div>\n    <\/form>\n\n      <\/div>\n\n  \n<\/div>\n\n\n\n<div class=\"wp-block-column\" style=\"flex-basis:20%\"><\/div>\n<\/div>\n","protected":false},"excerpt":{"rendered":"<p>Dark \u25cf&nbsp;Pisos de vynil Dark Los interiores oscuros est\u00e1n muy de moda en este momento. \u25cf Un piso de dise\u00f1o oscuro en su hogar quiz\u00e1s no sea la opci\u00f3n m\u00e1s obvia, pero definitivamente es una soluci\u00f3n sorprendentemente inteligente para crear una sensaci\u00f3n de intimidad en el interior. \u25cf Ahora bien, \u00bfun suelo oscuro hace que [&hellip;]<\/p>\n","protected":false},"author":1,"featured_media":1488,"parent":0,"menu_order":0,"comment_status":"closed","ping_status":"closed","template":"","meta":[],"_links":{"self":[{"href":"https:\/\/iacodvzla.com\/index.php\/wp-json\/wp\/v2\/pages\/1486"}],"collection":[{"href":"https:\/\/iacodvzla.com\/index.php\/wp-json\/wp\/v2\/pages"}],"about":[{"href":"https:\/\/iacodvzla.com\/index.php\/wp-json\/wp\/v2\/types\/page"}],"author":[{"embeddable":true,"href":"https:\/\/iacodvzla.com\/index.php\/wp-json\/wp\/v2\/users\/1"}],"replies":[{"embeddable":true,"href":"https:\/\/iacodvzla.com\/index.php\/wp-json\/wp\/v2\/comments?post=1486"}],"version-history":[{"count":9,"href":"https:\/\/iacodvzla.com\/index.php\/wp-json\/wp\/v2\/pages\/1486\/revisions"}],"predecessor-version":[{"id":1714,"href":"https:\/\/iacodvzla.com\/index.php\/wp-json\/wp\/v2\/pages\/1486\/revisions\/1714"}],"wp:featuredmedia":[{"embeddable":true,"href":"https:\/\/iacodvzla.com\/index.php\/wp-json\/wp\/v2\/media\/1488"}],"wp:attachment":[{"href":"https:\/\/iacodvzla.com\/index.php\/wp-json\/wp\/v2\/media?parent=1486"}],"curies":[{"name":"wp","href":"https:\/\/api.w.org\/{rel}","templated":true}]}}