{"id":17,"date":"2017-06-08T13:57:35","date_gmt":"2017-06-08T13:57:35","guid":{"rendered":"http:\/\/ddthemesdemo.com\/charlotte-blog\/?page_id=17"},"modified":"2023-04-30T09:55:30","modified_gmt":"2023-04-30T13:55:30","slug":"about","status":"publish","type":"page","link":"https:\/\/iacodvzla.com\/index.php\/about\/","title":{"rendered":"About"},"content":{"rendered":"\n<h2 class=\"has-text-align-center titulo-paginas\">Tu Tienda<\/h2>\n\n\n\n<div class=\"wp-block-columns marcas-tienda\">\n<div class=\"wp-block-column\">\n<figure class=\"wp-block-image size-full\"><img loading=\"lazy\" width=\"824\" height=\"302\" src=\"https:\/\/iacodvzla.com\/wp-content\/uploads\/2023\/04\/balta-carpets.png\" alt=\"\" class=\"wp-image-1698\" srcset=\"https:\/\/iacodvzla.com\/wp-content\/uploads\/2023\/04\/balta-carpets.png 824w, https:\/\/iacodvzla.com\/wp-content\/uploads\/2023\/04\/balta-carpets-300x110.png 300w, https:\/\/iacodvzla.com\/wp-content\/uploads\/2023\/04\/balta-carpets-768x281.png 768w, https:\/\/iacodvzla.com\/wp-content\/uploads\/2023\/04\/balta-carpets-495x181.png 495w\" sizes=\"(max-width: 824px) 100vw, 824px\" \/><\/figure>\n<\/div>\n\n\n\n<div class=\"wp-block-column\">\n<figure class=\"wp-block-image size-full\"><img loading=\"lazy\" width=\"824\" height=\"302\" src=\"https:\/\/iacodvzla.com\/wp-content\/uploads\/2023\/04\/marburg.png\" alt=\"\" class=\"wp-image-1699\" srcset=\"https:\/\/iacodvzla.com\/wp-content\/uploads\/2023\/04\/marburg.png 824w, https:\/\/iacodvzla.com\/wp-content\/uploads\/2023\/04\/marburg-300x110.png 300w, https:\/\/iacodvzla.com\/wp-content\/uploads\/2023\/04\/marburg-768x281.png 768w, https:\/\/iacodvzla.com\/wp-content\/uploads\/2023\/04\/marburg-495x181.png 495w\" sizes=\"(max-width: 824px) 100vw, 824px\" \/><\/figure>\n<\/div>\n\n\n\n<div class=\"wp-block-column\">\n<figure class=\"wp-block-image size-full\"><img loading=\"lazy\" width=\"824\" height=\"302\" src=\"https:\/\/iacodvzla.com\/wp-content\/uploads\/2023\/04\/moduleo.png\" alt=\"\" class=\"wp-image-1700\" srcset=\"https:\/\/iacodvzla.com\/wp-content\/uploads\/2023\/04\/moduleo.png 824w, https:\/\/iacodvzla.com\/wp-content\/uploads\/2023\/04\/moduleo-300x110.png 300w, https:\/\/iacodvzla.com\/wp-content\/uploads\/2023\/04\/moduleo-768x281.png 768w, https:\/\/iacodvzla.com\/wp-content\/uploads\/2023\/04\/moduleo-495x181.png 495w\" sizes=\"(max-width: 824px) 100vw, 824px\" \/><\/figure>\n<\/div>\n\n\n\n<div class=\"wp-block-column\">\n<figure class=\"wp-block-image size-full\"><img loading=\"lazy\" width=\"824\" height=\"302\" src=\"https:\/\/iacodvzla.com\/wp-content\/uploads\/2023\/04\/modulys.png\" alt=\"\" class=\"wp-image-1701\" srcset=\"https:\/\/iacodvzla.com\/wp-content\/uploads\/2023\/04\/modulys.png 824w, https:\/\/iacodvzla.com\/wp-content\/uploads\/2023\/04\/modulys-300x110.png 300w, https:\/\/iacodvzla.com\/wp-content\/uploads\/2023\/04\/modulys-768x281.png 768w, https:\/\/iacodvzla.com\/wp-content\/uploads\/2023\/04\/modulys-495x181.png 495w\" sizes=\"(max-width: 824px) 100vw, 824px\" \/><\/figure>\n<\/div>\n\n\n\n<div class=\"wp-block-column\">\n<figure class=\"wp-block-image size-full\"><img loading=\"lazy\" width=\"824\" height=\"302\" src=\"https:\/\/iacodvzla.com\/wp-content\/uploads\/2023\/04\/rash.png\" alt=\"\" class=\"wp-image-1702\" srcset=\"https:\/\/iacodvzla.com\/wp-content\/uploads\/2023\/04\/rash.png 824w, https:\/\/iacodvzla.com\/wp-content\/uploads\/2023\/04\/rash-300x110.png 300w, https:\/\/iacodvzla.com\/wp-content\/uploads\/2023\/04\/rash-768x281.png 768w, https:\/\/iacodvzla.com\/wp-content\/uploads\/2023\/04\/rash-495x181.png 495w\" sizes=\"(max-width: 824px) 100vw, 824px\" \/><\/figure>\n<\/div>\n<\/div>\n\n\n\n<div class=\"wp-block-columns\">\n<div class=\"wp-block-column\">\n<figure class=\"zoom-1 wp-block-image size-large\"><img loading=\"lazy\" width=\"1024\" height=\"683\"  \n class=\"zoom-2\" src=\"https:\/\/iacodvzla.com\/wp-content\/uploads\/2017\/06\/jardin-artificial-iacod-caracas-1024x683.jpg\" alt=\"\" class=\"wp-image-455\" srcset=\"https:\/\/iacodvzla.com\/wp-content\/uploads\/2017\/06\/jardin-artificial-iacod-caracas-1024x683.jpg 1024w, https:\/\/iacodvzla.com\/wp-content\/uploads\/2017\/06\/jardin-artificial-iacod-caracas-300x200.jpg 300w, https:\/\/iacodvzla.com\/wp-content\/uploads\/2017\/06\/jardin-artificial-iacod-caracas-768x512.jpg 768w, https:\/\/iacodvzla.com\/wp-content\/uploads\/2017\/06\/jardin-artificial-iacod-caracas-1536x1024.jpg 1536w, https:\/\/iacodvzla.com\/wp-content\/uploads\/2017\/06\/jardin-artificial-iacod-caracas-1320x880.jpg 1320w, https:\/\/iacodvzla.com\/wp-content\/uploads\/2017\/06\/jardin-artificial-iacod-caracas-495x330.jpg 495w, https:\/\/iacodvzla.com\/wp-content\/uploads\/2017\/06\/jardin-artificial-iacod-caracas.jpg 1800w\" sizes=\"(max-width: 1024px) 100vw, 1024px\" \/><\/figure>\n<\/div>\n\n\n\n<div class=\"wp-block-column\">\n<h2 style=\"font-size:3em;text-transform:capitalize\"><span class=\"mark\">Todo lo que necesitas para decorar tu hogar<\/span> <\/h2>\n\n\n\n<p>\u00a1Cu\u00e9ntanos sobre tu proyecto! te explicamos todas las ventajas y desventajas de cada producto basado en tu necesidad, para que t\u00fa decidas cual comprar.<\/p>\n\n\n\n<p>Nos adaptamos a las tendencias de la decoraci\u00f3n, manejamos una gran cantidad de dise\u00f1os y a su vez manejamos diversos colores, para todos los gustos y estilos.<\/p>\n\n\n\n<div class=\"wp-container-1 wp-block-buttons\">\n<div class=\"wp-block-button\"><a class=\"wp-block-button__link wp-element-button\">Ver pisos<\/a><\/div>\n<\/div>\n<\/div>\n<\/div>\n\n\n\n<div class=\"wp-block-columns icono-padding has-background has-small-font-size\" style=\"background:linear-gradient(57deg,rgba(209,209,207,0.42) 0%,rgba(226,225,230,0) 100%)\">\n<div class=\"wp-block-column\">\n<figure class=\"wp-block-image aligncenter size-full is-resized\"><img loading=\"lazy\" src=\"https:\/\/iacodvzla.com\/wp-content\/uploads\/2023\/04\/006-consulta.png\" alt=\"\" class=\"wp-image-525\" width=\"99\" height=\"99\" srcset=\"https:\/\/iacodvzla.com\/wp-content\/uploads\/2023\/04\/006-consulta.png 512w, https:\/\/iacodvzla.com\/wp-content\/uploads\/2023\/04\/006-consulta-300x300.png 300w, https:\/\/iacodvzla.com\/wp-content\/uploads\/2023\/04\/006-consulta-150x150.png 150w, https:\/\/iacodvzla.com\/wp-content\/uploads\/2023\/04\/006-consulta-450x450.png 450w, https:\/\/iacodvzla.com\/wp-content\/uploads\/2023\/04\/006-consulta-495x495.png 495w, https:\/\/iacodvzla.com\/wp-content\/uploads\/2023\/04\/006-consulta-100x100.png 100w\" sizes=\"(max-width: 99px) 100vw, 99px\" \/><\/figure>\n\n\n\n<h3 class=\"has-text-align-center sinserifa\" style=\"font-size:1.5em\">Asesor\u00eda Personalizada<\/h3>\n<\/div>\n\n\n\n<div class=\"wp-block-column\">\n<figure class=\"wp-block-image aligncenter size-full is-resized\"><img loading=\"lazy\" src=\"https:\/\/iacodvzla.com\/wp-content\/uploads\/2023\/04\/008-enviado.png\" alt=\"\" class=\"wp-image-528\" width=\"99\" height=\"99\" srcset=\"https:\/\/iacodvzla.com\/wp-content\/uploads\/2023\/04\/008-enviado.png 512w, https:\/\/iacodvzla.com\/wp-content\/uploads\/2023\/04\/008-enviado-300x300.png 300w, https:\/\/iacodvzla.com\/wp-content\/uploads\/2023\/04\/008-enviado-150x150.png 150w, https:\/\/iacodvzla.com\/wp-content\/uploads\/2023\/04\/008-enviado-450x450.png 450w, https:\/\/iacodvzla.com\/wp-content\/uploads\/2023\/04\/008-enviado-495x495.png 495w, https:\/\/iacodvzla.com\/wp-content\/uploads\/2023\/04\/008-enviado-100x100.png 100w\" sizes=\"(max-width: 99px) 100vw, 99px\" \/><\/figure>\n\n\n\n<h3 class=\"has-text-align-center sinserifa\" style=\"font-size:1.5em\">Entrega Programada<\/h3>\n<\/div>\n\n\n\n<div class=\"wp-block-column\">\n<figure class=\"wp-block-image aligncenter size-full is-resized\"><img loading=\"lazy\" src=\"https:\/\/iacodvzla.com\/wp-content\/uploads\/2023\/04\/004-piso.png\" alt=\"\" class=\"wp-image-529\" width=\"99\" height=\"99\" srcset=\"https:\/\/iacodvzla.com\/wp-content\/uploads\/2023\/04\/004-piso.png 512w, https:\/\/iacodvzla.com\/wp-content\/uploads\/2023\/04\/004-piso-300x300.png 300w, https:\/\/iacodvzla.com\/wp-content\/uploads\/2023\/04\/004-piso-150x150.png 150w, https:\/\/iacodvzla.com\/wp-content\/uploads\/2023\/04\/004-piso-450x450.png 450w, https:\/\/iacodvzla.com\/wp-content\/uploads\/2023\/04\/004-piso-495x495.png 495w, https:\/\/iacodvzla.com\/wp-content\/uploads\/2023\/04\/004-piso-100x100.png 100w\" sizes=\"(max-width: 99px) 100vw, 99px\" \/><\/figure>\n\n\n\n<h3 class=\"has-text-align-center sinserifa\" style=\"font-size:1.5em\">Pisos disponibles<\/h3>\n<\/div>\n\n\n\n<div class=\"wp-block-column\">\n<figure class=\"wp-block-image aligncenter size-full is-resized\"><img loading=\"lazy\" src=\"https:\/\/iacodvzla.com\/wp-content\/uploads\/2023\/04\/002-constructor.png\" alt=\"\" class=\"wp-image-530\" width=\"99\" height=\"99\" srcset=\"https:\/\/iacodvzla.com\/wp-content\/uploads\/2023\/04\/002-constructor.png 512w, https:\/\/iacodvzla.com\/wp-content\/uploads\/2023\/04\/002-constructor-300x300.png 300w, https:\/\/iacodvzla.com\/wp-content\/uploads\/2023\/04\/002-constructor-150x150.png 150w, https:\/\/iacodvzla.com\/wp-content\/uploads\/2023\/04\/002-constructor-450x450.png 450w, https:\/\/iacodvzla.com\/wp-content\/uploads\/2023\/04\/002-constructor-495x495.png 495w, https:\/\/iacodvzla.com\/wp-content\/uploads\/2023\/04\/002-constructor-100x100.png 100w\" sizes=\"(max-width: 99px) 100vw, 99px\" \/><\/figure>\n\n\n\n<h3 class=\"has-text-align-center sinserifa\" style=\"font-size:1.5em\">Nos encargamos<\/h3>\n<\/div>\n<\/div>\n\n\n\n<h2 class=\"has-text-align-center titulo-galerias\" style=\"text-transform:capitalize\"><span>Tapices de ensue\u00f1o<\/span><\/h2>\n\n\n\n<div class=\"wp-block-columns espacio-gap\">\n<div class=\"wp-block-column\">\n<a href=\"https:\/\/iacodvzla.com\" target=\"_blank\" rel=\"noopener\"><figure class=\"zoom-1 wp-block-image size-large\"><img class=\"zoom-2\" src=\"https:\/\/iacodvzla.com\/wp-content\/uploads\/2023\/04\/quienes-somos-iacod-3-768x1024.jpg\" alt=\"\"><\/figure><\/a>\n<\/div>\n\n\n\n<div class=\"wp-block-column\">\n<figure class=\"zoom-1 wp-block-image size-large\"><img class=\"zoom-2\" src=\"https:\/\/iacodvzla.com\/wp-content\/uploads\/2023\/04\/quienes-somos-iacod-4-768x1024.jpg\" alt=\"\"><\/figure>\n<\/div>\n\n\n\n<div class=\"wp-block-column\">\n<figure class=\"zoom-1 wp-block-image size-large\"><img loading=\"lazy\" width=\"768\" height=\"1024\" class=\"zoom-2\"   src=\"https:\/\/iacodvzla.com\/wp-content\/uploads\/2023\/04\/quienes-somos-iacod-2-2-768x1024.jpg\" alt=\"\" class=\"wp-image-778\" srcset=\"https:\/\/iacodvzla.com\/wp-content\/uploads\/2023\/04\/quienes-somos-iacod-2-2-768x1024.jpg 768w, https:\/\/iacodvzla.com\/wp-content\/uploads\/2023\/04\/quienes-somos-iacod-2-2-225x300.jpg 225w, https:\/\/iacodvzla.com\/wp-content\/uploads\/2023\/04\/quienes-somos-iacod-2-2-495x660.jpg 495w, https:\/\/iacodvzla.com\/wp-content\/uploads\/2023\/04\/quienes-somos-iacod-2-2.jpg 856w\" sizes=\"(max-width: 768px) 100vw, 768px\" \/><\/figure>\n<\/div>\n<\/div>\n\n\n\n<h2 class=\"has-text-align-center titulo-galerias\" style=\"text-transform:capitalize\"><span>Pisos hermosos<\/span><\/h2>\n\n\n\n<div class=\"wp-block-columns\">\n<div class=\"wp-block-column\">\n<figure class=\"zoom-1 wp-block-image size-large\"><img loading=\"lazy\" width=\"768\" height=\"1024\" class=\"zoom-2\" src=\"https:\/\/iacodvzla.com\/wp-content\/uploads\/2023\/04\/quienes-somos-iacod-5-1-768x1024.jpg\" alt=\"\" class=\"wp-image-704\" srcset=\"https:\/\/iacodvzla.com\/wp-content\/uploads\/2023\/04\/quienes-somos-iacod-5-1-768x1024.jpg 768w, https:\/\/iacodvzla.com\/wp-content\/uploads\/2023\/04\/quienes-somos-iacod-5-1-225x300.jpg 225w, https:\/\/iacodvzla.com\/wp-content\/uploads\/2023\/04\/quienes-somos-iacod-5-1-495x660.jpg 495w, https:\/\/iacodvzla.com\/wp-content\/uploads\/2023\/04\/quienes-somos-iacod-5-1.jpg 945w\" sizes=\"(max-width: 768px) 100vw, 768px\" \/><\/figure>\n<\/div>\n\n\n\n<div class=\"wp-block-column\">\n<figure class=\"zoom-1 wp-block-image size-large\"><img loading=\"lazy\" width=\"768\" height=\"1024\" class=\"zoom-2\" src=\"https:\/\/iacodvzla.com\/wp-content\/uploads\/2023\/04\/quienes-somos-iacod-7-1-768x1024.jpg\" alt=\"\" class=\"wp-image-705\" srcset=\"https:\/\/iacodvzla.com\/wp-content\/uploads\/2023\/04\/quienes-somos-iacod-7-1-768x1024.jpg 768w, https:\/\/iacodvzla.com\/wp-content\/uploads\/2023\/04\/quienes-somos-iacod-7-1-225x300.jpg 225w, https:\/\/iacodvzla.com\/wp-content\/uploads\/2023\/04\/quienes-somos-iacod-7-1-495x660.jpg 495w, https:\/\/iacodvzla.com\/wp-content\/uploads\/2023\/04\/quienes-somos-iacod-7-1.jpg 1034w\" sizes=\"(max-width: 768px) 100vw, 768px\" \/><\/figure>\n<\/div>\n\n\n\n<div class=\"wp-block-column\">\n<figure class=\"zoom-1 wp-block-image size-large\"><img loading=\"lazy\" width=\"768\" height=\"1024\" class=\"zoom-2\" src=\"https:\/\/iacodvzla.com\/wp-content\/uploads\/2023\/04\/quienes-somos-iacod-6-1-768x1024.jpg\" alt=\"\" class=\"wp-image-706\" srcset=\"https:\/\/iacodvzla.com\/wp-content\/uploads\/2023\/04\/quienes-somos-iacod-6-1-768x1024.jpg 768w, https:\/\/iacodvzla.com\/wp-content\/uploads\/2023\/04\/quienes-somos-iacod-6-1-225x300.jpg 225w, https:\/\/iacodvzla.com\/wp-content\/uploads\/2023\/04\/quienes-somos-iacod-6-1-1152x1536.jpg 1152w, https:\/\/iacodvzla.com\/wp-content\/uploads\/2023\/04\/quienes-somos-iacod-6-1-495x660.jpg 495w, https:\/\/iacodvzla.com\/wp-content\/uploads\/2023\/04\/quienes-somos-iacod-6-1.jpg 1270w\" sizes=\"(max-width: 768px) 100vw, 768px\" \/><\/figure>\n<\/div>\n<\/div>\n\n\n\n<div class=\"wp-block-columns fondo-formulario has-background\" style=\"background-color:#c0bfbf40\">\n<div class=\"wp-block-column\" style=\"flex-basis:10%\"><\/div>\n\n\n\n<div class=\"wp-block-column\" style=\"flex-basis:80%\">  \n  \n  <div class=\"\n    mailpoet_form_popup_overlay\n      \"><\/div>\n  <div\n    id=\"mailpoet_form_3\"\n    class=\"\n      mailpoet_form\n      mailpoet_form_shortcode\n      mailpoet_form_position_\n      mailpoet_form_animation_\n    \"\n      >\n\n    <style type=\"text\/css\">\n     #mailpoet_form_3 .mailpoet_form {  }\n#mailpoet_form_3 form { margin-bottom: 0; }\n#mailpoet_form_3 .mailpoet_column_with_background { padding: 0px; }\n#mailpoet_form_3 .wp-block-column:not(:first-child), #mailpoet_form_3 .mailpoet_form_column:not(:first-child) { padding: 0 20px; }\n#mailpoet_form_3 .mailpoet_form_column:not(:first-child) { margin-left: 0; }\n#mailpoet_form_3 h2.mailpoet-heading { margin: 0 0 20px 0; }\n#mailpoet_form_3 .mailpoet_paragraph { line-height: 20px; margin-bottom: 20px; }\n#mailpoet_form_3 .mailpoet_segment_label, #mailpoet_form_3 .mailpoet_text_label, #mailpoet_form_3 .mailpoet_textarea_label, #mailpoet_form_3 .mailpoet_select_label, #mailpoet_form_3 .mailpoet_radio_label, #mailpoet_form_3 .mailpoet_checkbox_label, #mailpoet_form_3 .mailpoet_list_label, #mailpoet_form_3 .mailpoet_date_label { display: block; font-weight: normal; }\n#mailpoet_form_3 .mailpoet_text, #mailpoet_form_3 .mailpoet_textarea, #mailpoet_form_3 .mailpoet_select, #mailpoet_form_3 .mailpoet_date_month, #mailpoet_form_3 .mailpoet_date_day, #mailpoet_form_3 .mailpoet_date_year, #mailpoet_form_3 .mailpoet_date { display: block; }\n#mailpoet_form_3 .mailpoet_text, #mailpoet_form_3 .mailpoet_textarea { width: 200px; }\n#mailpoet_form_3 .mailpoet_checkbox {  }\n#mailpoet_form_3 .mailpoet_submit {  }\n#mailpoet_form_3 .mailpoet_divider {  }\n#mailpoet_form_3 .mailpoet_message {  }\n#mailpoet_form_3 .mailpoet_form_loading { width: 30px; text-align: center; line-height: normal; }\n#mailpoet_form_3 .mailpoet_form_loading > span { width: 5px; height: 5px; background-color: #5b5b5b; }#mailpoet_form_3{border: 0px solid #d9d7d7;border-radius: 4px;background: #e0e0e0;color: #1e1e1e;text-align: left;}#mailpoet_form_3 form.mailpoet_form {padding: 10px;}#mailpoet_form_3{width: 100%;}#mailpoet_form_3 .mailpoet_message {margin: 0; padding: 0 20px;}\n        #mailpoet_form_3 .mailpoet_validate_success {color: #00d084}\n        #mailpoet_form_3 input.parsley-success {color: #00d084}\n        #mailpoet_form_3 select.parsley-success {color: #00d084}\n        #mailpoet_form_3 textarea.parsley-success {color: #00d084}\n      \n        #mailpoet_form_3 .mailpoet_validate_error {color: #cf2e2e}\n        #mailpoet_form_3 input.parsley-error {color: #cf2e2e}\n        #mailpoet_form_3 select.parsley-error {color: #cf2e2e}\n        #mailpoet_form_3 textarea.textarea.parsley-error {color: #cf2e2e}\n        #mailpoet_form_3 .parsley-errors-list {color: #cf2e2e}\n        #mailpoet_form_3 .parsley-required {color: #cf2e2e}\n        #mailpoet_form_3 .parsley-custom-error-message {color: #cf2e2e}\n      #mailpoet_form_3 .mailpoet_paragraph.last {margin-bottom: 0} @media (max-width: 500px) {#mailpoet_form_3 {background: #e0e0e0;}} @media (min-width: 500px) {#mailpoet_form_3 .last .mailpoet_paragraph:last-child {margin-bottom: 0}}  @media (max-width: 500px) {#mailpoet_form_3 .mailpoet_form_column:last-child .mailpoet_paragraph:last-child {margin-bottom: 0}} \n    <\/style>\n\n    <form\n      target=\"_self\"\n      method=\"post\"\n      action=\"https:\/\/iacodvzla.com\/wp-admin\/admin-post.php?action=mailpoet_subscription_form\"\n      class=\"mailpoet_form mailpoet_form_form mailpoet_form_shortcode\"\n      novalidate\n      data-delay=\"\"\n      data-exit-intent-enabled=\"\"\n      data-font-family=\"\"\n      data-cookie-expiration-time=\"\"\n    >\n      <input type=\"hidden\" name=\"data[form_id]\" value=\"3\" \/>\n      <input type=\"hidden\" name=\"token\" value=\"72d927a503\" \/>\n      <input type=\"hidden\" name=\"api_version\" value=\"v1\" \/>\n      <input type=\"hidden\" name=\"endpoint\" value=\"subscribers\" \/>\n      <input type=\"hidden\" name=\"mailpoet_method\" value=\"subscribe\" \/>\n\n      <label class=\"mailpoet_hp_email_label\" style=\"display: none !important;\">Por favor, deja este campo vac\u00edo<input type=\"email\" name=\"data[email]\"\/><\/label><div class=\"mailpoet_form_columns mailpoet_paragraph mailpoet_stack_on_mobile\" style=\"color:;background:;\"><div class=\"mailpoet_form_column\" style=\"flex-basis:50%;color:;;background:;;\"><div class=\"mailpoet_form_image is-style-default\"><figure class=\"size-full\"><img src=\"https:\/\/iacodvzla.com\/wp-content\/uploads\/2023\/04\/formulario-iacod-8.jpg\" alt class=\"wp-image-836\" srcset=\"https:\/\/iacodvzla.com\/wp-content\/uploads\/2023\/04\/formulario-iacod-8.jpg 682w, https:\/\/iacodvzla.com\/wp-content\/uploads\/2023\/04\/formulario-iacod-8-200x300.jpg 200w, https:\/\/iacodvzla.com\/wp-content\/uploads\/2023\/04\/formulario-iacod-8-495x743.jpg 495w\"><\/figure><\/div>\n<\/div>\n<div class=\"mailpoet_form_column\" style=\"flex-basis:50%;color:;;background:;;\"><div class='mailpoet_spacer' style='height: 10px;'><\/div>\n<h2 class=\"mailpoet-heading  mailpoet-has-font-size\" style=\"text-align: center; font-size: 53px\"><span style=\"font-family: Nothing You Could Do\" data-font=\"Nothing You Could Do\" class=\"mailpoet-has-font\"><strong>\u00bfQuieres M\u00e1s?<\/strong><\/span><\/h2>\n<p class=\"mailpoet_form_paragraph  mailpoet-has-font-size\" style=\"text-align: center; font-size: 29px\"><span style=\"font-family: Montserrat\" data-font=\"Montserrat\" class=\"mailpoet-has-font\">REG\u00cdSTRATE PARA RECIBIR <strong>10% DE DESCUENTO<\/strong> EN TU PRIMERA COMPRA.<\/span><\/p>\n<div class=\"mailpoet_paragraph \"><label for=\"form_email_3\" class=\"mailpoet-screen-reader-text\" data-automation-id=\"form_email_label\" >Direcci\u00f3n de correo electr\u00f3nico <span class=\"mailpoet_required\">*<\/span><\/label><input type=\"email\" autocomplete=\"email\" class=\"mailpoet_text\" id=\"form_email_3\" name=\"data[form_field_YzVhNTRiOThhYzEwX2VtYWls]\" title=\"Direcci\u00f3n de correo electr\u00f3nico\" value=\"\" style=\"width:100%;box-sizing:border-box;background-color:#faf6f1;border-style:solid;border-radius:5px !important;border-width:2px;border-color:#ab9094;padding:10px;margin: 0 auto 0 0;font-family:&#039;Karla&#039;;\" data-automation-id=\"form_email\"  placeholder=\"Direcci\u00f3n de correo electr\u00f3nico *\" data-parsley-required=\"true\" data-parsley-minlength=\"6\" data-parsley-maxlength=\"150\" data-parsley-type-message=\"This value should be a valid email.\" data-parsley-errors-container=\".mailpoet_error_email_\" data-parsley-required-message=\"Este campo es obligatorio\"\/><\/div>\n<div class=\"mailpoet_paragraph \"><input type=\"submit\" class=\"mailpoet_submit\" value=\"\u00a1HAG\u00c1MOSLO!\" data-automation-id=\"subscribe-submit-button\" data-font-family='Karla' style=\"width:100%;box-sizing:border-box;background-color:#ab9094;border-style:solid;border-radius:5px !important;border-width:0px;padding:10px;margin: 0 auto 0 0;font-family:&#039;Karla&#039;;font-size:15px;line-height:1.5;height:auto;color:#ffffff;border-color:transparent;font-weight:bold;\" \/><span class=\"mailpoet_form_loading\"><span class=\"mailpoet_bounce1\"><\/span><span class=\"mailpoet_bounce2\"><\/span><span class=\"mailpoet_bounce3\"><\/span><\/span><\/div>\n<div class=\"mailpoet_form_image\"><figure class=\"size-full aligncenter\"><img src=\"https:\/\/iacodvzla.com\/wp-content\/uploads\/2023\/03\/cropped-LOGO-iacod-B.png\" alt class=\"wp-image-366\" srcset=\"\" width=309 height=124 style=\"width: 309px;height: 124px\"><\/figure><\/div>\n<p class=\"mailpoet_form_paragraph  mailpoet-has-font-size\" style=\"text-align: center; color: #1e1e1e; font-size: 13px\"><span style=\"font-family: Karla\" data-font=\"Karla\" class=\"mailpoet-has-font\">\u00a1No enviamos spam! Lee nuestra <a href=\"#\">pol\u00edtica de privacidad <\/a> para m\u00e1s informaci\u00f3n.<\/span><\/p>\n<\/div>\n<\/div>\n\n      <div class=\"mailpoet_message\">\n        <p class=\"mailpoet_validate_success\"\n                style=\"display:none;\"\n                >Revisa tu bandeja de entrada o la carpeta de spam para confirmar tu suscripci\u00f3n.\n        <\/p>\n        <p class=\"mailpoet_validate_error\"\n                style=\"display:none;\"\n                >        <\/p>\n      <\/div>\n    <\/form>\n\n      <\/div>\n\n  \n<\/div>\n\n\n\n<div class=\"wp-block-column\" style=\"flex-basis:10%\"><\/div>\n<\/div>\n","protected":false},"excerpt":{"rendered":"<p>Tu Tienda Todo lo que necesitas para decorar tu hogar \u00a1Cu\u00e9ntanos sobre tu proyecto! te explicamos todas las ventajas y desventajas de cada producto basado en tu necesidad, para que t\u00fa decidas cual comprar. Nos adaptamos a las tendencias de la decoraci\u00f3n, manejamos una gran cantidad de dise\u00f1os y a su vez manejamos diversos colores, [&hellip;]<\/p>\n","protected":false},"author":1,"featured_media":578,"parent":0,"menu_order":0,"comment_status":"closed","ping_status":"closed","template":"template-fullwidth.php","meta":[],"_links":{"self":[{"href":"https:\/\/iacodvzla.com\/index.php\/wp-json\/wp\/v2\/pages\/17"}],"collection":[{"href":"https:\/\/iacodvzla.com\/index.php\/wp-json\/wp\/v2\/pages"}],"about":[{"href":"https:\/\/iacodvzla.com\/index.php\/wp-json\/wp\/v2\/types\/page"}],"author":[{"embeddable":true,"href":"https:\/\/iacodvzla.com\/index.php\/wp-json\/wp\/v2\/users\/1"}],"replies":[{"embeddable":true,"href":"https:\/\/iacodvzla.com\/index.php\/wp-json\/wp\/v2\/comments?post=17"}],"version-history":[{"count":73,"href":"https:\/\/iacodvzla.com\/index.php\/wp-json\/wp\/v2\/pages\/17\/revisions"}],"predecessor-version":[{"id":1965,"href":"https:\/\/iacodvzla.com\/index.php\/wp-json\/wp\/v2\/pages\/17\/revisions\/1965"}],"wp:featuredmedia":[{"embeddable":true,"href":"https:\/\/iacodvzla.com\/index.php\/wp-json\/wp\/v2\/media\/578"}],"wp:attachment":[{"href":"https:\/\/iacodvzla.com\/index.php\/wp-json\/wp\/v2\/media?parent=17"}],"curies":[{"name":"wp","href":"https:\/\/api.w.org\/{rel}","templated":true}]}}